{"id":12348,"date":"2022-04-28T12:17:48","date_gmt":"2022-04-28T17:17:48","guid":{"rendered":"https:\/\/adcaffeine.ca\/blog\/"},"modified":"2025-10-02T07:22:13","modified_gmt":"2025-10-02T12:22:13","slug":"blogue","status":"publish","type":"page","link":"https:\/\/adcaffeine.ca\/fr\/blogue\/","title":{"rendered":"Blogue"},"content":{"rendered":"\t\t<div data-elementor-type=\"wp-page\" data-elementor-id=\"12348\" class=\"elementor elementor-12348 elementor-9000\" data-elementor-post-type=\"page\">\n\t\t\t\t\t\t<section class=\"elementor-section elementor-top-section elementor-element elementor-element-2306a74 elementor-section-height-min-height elementor-section-boxed elementor-section-height-default elementor-section-items-middle\" data-id=\"2306a74\" data-element_type=\"section\" data-settings=\"{&quot;background_background&quot;:&quot;classic&quot;,&quot;shape_divider_bottom&quot;:&quot;clouds&quot;,&quot;shape_divider_bottom_negative&quot;:&quot;yes&quot;}\">\n\t\t\t\t\t\t\t<div class=\"elementor-background-overlay\"><\/div>\n\t\t\t\t\t\t<div class=\"elementor-shape elementor-shape-bottom\" aria-hidden=\"true\" data-negative=\"true\">\n\t\t\t<svg xmlns=\"http:\/\/www.w3.org\/2000\/svg\" viewBox=\"0 0 283.5 27.8\" preserveAspectRatio=\"xMidYMax slice\">\n\t<path class=\"elementor-shape-fill\" d=\"M265.8 3.5c-10.9 0-15.9 6.2-15.9 6.2s-3.6-3.5-9.2-.9c-9.1 4.1-4.4 13.4-4.4 13.4s-1.2.2-1.9.9c-.6.7-.5 1.9-.5 1.9s-1-.5-2.3-.2c-1.3.3-1.6 1.4-1.6 1.4s.4-3.4-1.5-5c-3.9-3.4-8.3-.2-8.3-.2s-.6-.7-.9-.9c-.4-.2-1.2-.2-1.2-.2s-4.4-3.6-11.5-2.6-10.4 7.9-10.4 7.9-.5-3.3-3.9-4.9c-4.8-2.4-7.4 0-7.4 0s2.4-4.1-1.9-6.4-6.2 1.2-6.2 1.2-.9-.5-2.1-.5-2.3 1.1-2.3 1.1.1-.7-1.1-1.1c-1.2-.4-2 0-2 0s3.6-6.8-3.5-8.9c-6-1.8-7.9 2.6-8.4 4-.1-.3-.4-.7-.9-1.1-1-.7-1.3-.5-1.3-.5s1-4-1.7-5.2c-2.7-1.2-4.2 1.1-4.2 1.1s-3.1-1-5.7 1.4-2.1 5.5-2.1 5.5-.9 0-2.1.7-1.4 1.7-1.4 1.7-1.7-1.2-4.3-1.2c-2.6 0-4.5 1.2-4.5 1.2s-.7-1.5-2.8-2.4c-2.1-.9-4 0-4 0s2.6-5.9-4.7-9c-7.3-3.1-12.6 3.3-12.6 3.3s-.9 0-1.9.2c-.9.2-1.5.9-1.5.9S99.4 3 94.9 3.9c-4.5.9-5.7 5.7-5.7 5.7s-2.8-5-12.3-3.9-11.1 6-11.1 6-1.2-1.4-4-.7c-.8.2-1.3.5-1.8.9-.9-2.1-2.7-4.9-6.2-4.4-3.2.4-4 2.2-4 2.2s-.5-.7-1.2-.7h-1.4s-.5-.9-1.7-1.4-2.4 0-2.4 0-2.4-1.2-4.7 0-3.1 4.1-3.1 4.1-1.7-1.4-3.6-.7c-1.9.7-1.9 2.8-1.9 2.8s-.5-.5-1.7-.2c-1.2.2-1.4.7-1.4.7s-.7-2.3-2.8-2.8c-2.1-.5-4.3.2-4.3.2s-1.7-5-11.1-6c-3.8-.4-6.6.2-8.5 1v21.2h283.5V11.1c-.9.2-1.6.4-1.6.4s-5.2-8-16.1-8z\"\/>\n<\/svg>\n\t\t<\/div>\n\t\t\t\t\t<div class=\"elementor-container elementor-column-gap-default\">\n\t\t\t\t\t<div class=\"elementor-column elementor-col-100 elementor-top-column elementor-element elementor-element-39215e5\" data-id=\"39215e5\" data-element_type=\"column\">\n\t\t\t<div class=\"elementor-widget-wrap elementor-element-populated\">\n\t\t\t\t\t\t<div class=\"elementor-element elementor-element-cf7d3ba elementor-widget elementor-widget-heading\" data-id=\"cf7d3ba\" data-element_type=\"widget\" data-widget_type=\"heading.default\">\n\t\t\t\t<div class=\"elementor-widget-container\">\n\t\t\t\t\t<h3 class=\"elementor-heading-title elementor-size-default\">Blogue<\/h3>\t\t\t\t<\/div>\n\t\t\t\t<\/div>\n\t\t\t\t\t<\/div>\n\t\t<\/div>\n\t\t\t\t\t<\/div>\n\t\t<\/section>\n\t\t\t\t<section class=\"elementor-section elementor-top-section elementor-element elementor-element-b13926b elementor-section-boxed elementor-section-height-default elementor-section-height-default\" data-id=\"b13926b\" data-element_type=\"section\">\n\t\t\t\t\t\t<div class=\"elementor-container elementor-column-gap-default\">\n\t\t\t\t\t<div class=\"elementor-column elementor-col-100 elementor-top-column elementor-element elementor-element-5169384\" data-id=\"5169384\" data-element_type=\"column\">\n\t\t\t<div class=\"elementor-widget-wrap elementor-element-populated\">\n\t\t\t\t\t\t<div class=\"elementor-element elementor-element-95a5c6e elementor-widget elementor-widget-gallery\" data-id=\"95a5c6e\" data-element_type=\"widget\" data-settings=\"{&quot;columns&quot;:3,&quot;gap&quot;:{&quot;unit&quot;:&quot;px&quot;,&quot;size&quot;:49,&quot;sizes&quot;:[]},&quot;lazyload&quot;:&quot;yes&quot;,&quot;gallery_layout&quot;:&quot;grid&quot;,&quot;columns_tablet&quot;:2,&quot;columns_mobile&quot;:1,&quot;gap_tablet&quot;:{&quot;unit&quot;:&quot;px&quot;,&quot;size&quot;:10,&quot;sizes&quot;:[]},&quot;gap_mobile&quot;:{&quot;unit&quot;:&quot;px&quot;,&quot;size&quot;:10,&quot;sizes&quot;:[]},&quot;link_to&quot;:&quot;file&quot;,&quot;aspect_ratio&quot;:&quot;3:2&quot;,&quot;overlay_background&quot;:&quot;yes&quot;,&quot;content_hover_animation&quot;:&quot;fade-in&quot;}\" data-widget_type=\"gallery.default\">\n\t\t\t\t<div class=\"elementor-widget-container\">\n\t\t\t\t\t\t\t<div class=\"elementor-gallery__container\">\n\t\t\t\t\t\t\t<a class=\"e-gallery-item elementor-gallery-item elementor-animated-content\" href=\"https:\/\/adcaffeine.ca\/wp-content\/uploads\/2025\/09\/seo-graph.png\" data-elementor-open-lightbox=\"yes\" data-elementor-lightbox-slideshow=\"95a5c6e\" data-elementor-lightbox-title=\"seo graph\" data-e-action-hash=\"#elementor-action%3Aaction%3Dlightbox%26settings%3DeyJpZCI6MTI2MDYsInVybCI6Imh0dHBzOlwvXC9hZGNhZmZlaW5lLmNhXC93cC1jb250ZW50XC91cGxvYWRzXC8yMDI1XC8wOVwvc2VvLWdyYXBoLnBuZyIsInNsaWRlc2hvdyI6Ijk1YTVjNmUifQ%3D%3D\">\n\t\t\t\t\t<div class=\"e-gallery-image elementor-gallery-item__image\" data-thumbnail=\"https:\/\/adcaffeine.ca\/wp-content\/uploads\/2025\/09\/seo-graph.png\" data-width=\"588\" data-height=\"390\" aria-label=\"\" role=\"img\" ><\/div>\n\t\t\t\t\t\t\t\t\t\t\t<div class=\"elementor-gallery-item__overlay\"><\/div>\n\t\t\t\t\t\t\t\t\t\t\t\t\t\t<\/a>\n\t\t\t\t\t\t\t<a class=\"e-gallery-item elementor-gallery-item elementor-animated-content\" href=\"https:\/\/adcaffeine.ca\/wp-content\/uploads\/2023\/01\/sad-woman.jpg\" data-elementor-open-lightbox=\"yes\" data-elementor-lightbox-slideshow=\"95a5c6e\" data-elementor-lightbox-title=\"sad woman\" data-e-action-hash=\"#elementor-action%3Aaction%3Dlightbox%26settings%3DeyJpZCI6MTIxNDMsInVybCI6Imh0dHBzOlwvXC9hZGNhZmZlaW5lLmNhXC93cC1jb250ZW50XC91cGxvYWRzXC8yMDIzXC8wMVwvc2FkLXdvbWFuLmpwZyIsInNsaWRlc2hvdyI6Ijk1YTVjNmUifQ%3D%3D\">\n\t\t\t\t\t<div class=\"e-gallery-image elementor-gallery-item__image\" data-thumbnail=\"https:\/\/adcaffeine.ca\/wp-content\/uploads\/2023\/01\/sad-woman.jpg\" data-width=\"612\" data-height=\"408\" aria-label=\"\" role=\"img\" ><\/div>\n\t\t\t\t\t\t\t\t\t\t\t<div class=\"elementor-gallery-item__overlay\"><\/div>\n\t\t\t\t\t\t\t\t\t\t\t\t\t\t<\/a>\n\t\t\t\t\t\t\t<a class=\"e-gallery-item elementor-gallery-item elementor-animated-content\" href=\"https:\/\/adcaffeine.ca\/wp-content\/uploads\/2022\/08\/Trading-floor-New-York-Stock-Exchange-City.webp\" data-elementor-open-lightbox=\"yes\" data-elementor-lightbox-slideshow=\"95a5c6e\" data-elementor-lightbox-title=\"Trading-floor-New-York-Stock-Exchange-City\" data-e-action-hash=\"#elementor-action%3Aaction%3Dlightbox%26settings%3DeyJpZCI6MTIwOTMsInVybCI6Imh0dHBzOlwvXC9hZGNhZmZlaW5lLmNhXC93cC1jb250ZW50XC91cGxvYWRzXC8yMDIyXC8wOFwvVHJhZGluZy1mbG9vci1OZXctWW9yay1TdG9jay1FeGNoYW5nZS1DaXR5LndlYnAiLCJzbGlkZXNob3ciOiI5NWE1YzZlIn0%3D\">\n\t\t\t\t\t<div class=\"e-gallery-image elementor-gallery-item__image\" data-thumbnail=\"https:\/\/adcaffeine.ca\/wp-content\/uploads\/2022\/08\/Trading-floor-New-York-Stock-Exchange-City.webp\" data-width=\"1600\" data-height=\"1065\" aria-label=\"\" role=\"img\" ><\/div>\n\t\t\t\t\t\t\t\t\t\t\t<div class=\"elementor-gallery-item__overlay\"><\/div>\n\t\t\t\t\t\t\t\t\t\t\t\t\t\t<\/a>\n\t\t\t\t\t<\/div>\n\t\t\t\t\t<\/div>\n\t\t\t\t<\/div>\n\t\t\t\t\t<\/div>\n\t\t<\/div>\n\t\t\t\t\t<\/div>\n\t\t<\/section>\n\t\t\t\t<section class=\"elementor-section elementor-top-section elementor-element elementor-element-f07e380 elementor-section-boxed elementor-section-height-default elementor-section-height-default\" data-id=\"f07e380\" data-element_type=\"section\">\n\t\t\t\t\t\t<div class=\"elementor-container elementor-column-gap-default\">\n\t\t\t\t\t<div class=\"elementor-column elementor-col-100 elementor-top-column elementor-element elementor-element-7a77f48\" data-id=\"7a77f48\" data-element_type=\"column\">\n\t\t\t<div class=\"elementor-widget-wrap elementor-element-populated\">\n\t\t\t\t\t\t<div class=\"elementor-element elementor-element-aeb85e4 elementor-grid-3 elementor-grid-tablet-2 elementor-grid-mobile-1 elementor-posts--thumbnail-top elementor-widget elementor-widget-posts\" data-id=\"aeb85e4\" data-element_type=\"widget\" data-settings=\"{&quot;classic_columns&quot;:&quot;3&quot;,&quot;classic_columns_tablet&quot;:&quot;2&quot;,&quot;classic_columns_mobile&quot;:&quot;1&quot;,&quot;classic_row_gap&quot;:{&quot;unit&quot;:&quot;px&quot;,&quot;size&quot;:35,&quot;sizes&quot;:[]},&quot;classic_row_gap_tablet&quot;:{&quot;unit&quot;:&quot;px&quot;,&quot;size&quot;:&quot;&quot;,&quot;sizes&quot;:[]},&quot;classic_row_gap_mobile&quot;:{&quot;unit&quot;:&quot;px&quot;,&quot;size&quot;:&quot;&quot;,&quot;sizes&quot;:[]}}\" data-widget_type=\"posts.classic\">\n\t\t\t\t<div class=\"elementor-widget-container\">\n\t\t\t\t\t\t\t<div class=\"elementor-posts-container elementor-posts elementor-posts--skin-classic elementor-grid\" role=\"list\">\n\t\t\t\t<article class=\"elementor-post elementor-grid-item post-12678 post type-post status-publish format-standard hentry category-non-categorise\" role=\"listitem\">\n\t\t\t\t<div class=\"elementor-post__text\">\n\t\t\t\t<h3 class=\"elementor-post__title\">\n\t\t\t<a href=\"https:\/\/adcaffeine.ca\/fr\/seo-et-sem-expliques-simplement\/\" >\n\t\t\t\tSEO et SEM expliqu\u00e9s simplement\t\t\t<\/a>\n\t\t<\/h3>\n\t\t\t\t<div class=\"elementor-post__meta-data\">\n\t\t\t\t\t<span class=\"elementor-post-author\">\n\t\t\tTim McKee, CD\t\t<\/span>\n\t\t\t\t<span class=\"elementor-post-date\">\n\t\t\tjuillet 19, 2023\t\t<\/span>\n\t\t\t\t<span class=\"elementor-post-time\">\n\t\t\t1:23 pm\t\t<\/span>\n\t\t\t\t<\/div>\n\t\t\t\t<div class=\"elementor-post__excerpt\">\n\t\t\t<p>Pour la plupart des entreprises, peu de moyens sont plus efficaces pour atteindre les consommateurs que les moteurs de recherche. Quatre internautes sur cinq utilisent<\/p>\n\t\t<\/div>\n\t\t\n\t\t<a class=\"elementor-post__read-more\" href=\"https:\/\/adcaffeine.ca\/fr\/seo-et-sem-expliques-simplement\/\" aria-label=\"En savoir plus sur SEO et SEM expliqu\u00e9s simplement\" tabindex=\"-1\" >\n\t\t\tRead More \u00bb\t\t<\/a>\n\n\t\t\t\t<\/div>\n\t\t\t\t<\/article>\n\t\t\t\t<article class=\"elementor-post elementor-grid-item post-12697 post type-post status-publish format-standard hentry category-non-categorise\" role=\"listitem\">\n\t\t\t\t<div class=\"elementor-post__text\">\n\t\t\t\t<h3 class=\"elementor-post__title\">\n\t\t\t<a href=\"https:\/\/adcaffeine.ca\/fr\/etre-connecte-a-vos-clients-24h-24\/\" >\n\t\t\t\t\u00catre connect\u00e9 \u00e0 vos clients 24h\/24\t\t\t<\/a>\n\t\t<\/h3>\n\t\t\t\t<div class=\"elementor-post__meta-data\">\n\t\t\t\t\t<span class=\"elementor-post-author\">\n\t\t\tCharlotte McNeil\t\t<\/span>\n\t\t\t\t<span class=\"elementor-post-date\">\n\t\t\tjanvier 23, 2023\t\t<\/span>\n\t\t\t\t<span class=\"elementor-post-time\">\n\t\t\t1:49 pm\t\t<\/span>\n\t\t\t\t<\/div>\n\t\t\t\t<div class=\"elementor-post__excerpt\">\n\t\t\t<p>Saviez\u2011vous que 42 % des prospects arrivent en dehors des heures de bureau ? Sans \u00e9quipe de vente 24h\/24, c\u2019est beaucoup d\u2019opportunit\u00e9s perdues. La solution\u202f?<\/p>\n\t\t<\/div>\n\t\t\n\t\t<a class=\"elementor-post__read-more\" href=\"https:\/\/adcaffeine.ca\/fr\/etre-connecte-a-vos-clients-24h-24\/\" aria-label=\"En savoir plus sur \u00catre connect\u00e9 \u00e0 vos clients 24h\/24\" tabindex=\"-1\" >\n\t\t\tRead More \u00bb\t\t<\/a>\n\n\t\t\t\t<\/div>\n\t\t\t\t<\/article>\n\t\t\t\t<article class=\"elementor-post elementor-grid-item post-12689 post type-post status-publish format-standard hentry category-non-categorise\" role=\"listitem\">\n\t\t\t\t<div class=\"elementor-post__text\">\n\t\t\t\t<h3 class=\"elementor-post__title\">\n\t\t\t<a href=\"https:\/\/adcaffeine.ca\/fr\/achat-programmatique-comment-ca-marche\/\" >\n\t\t\t\tAchat programmatique : comment \u00e7a marche ?\t\t\t<\/a>\n\t\t<\/h3>\n\t\t\t\t<div class=\"elementor-post__meta-data\">\n\t\t\t\t\t<span class=\"elementor-post-author\">\n\t\t\tTim McKee, CD\t\t<\/span>\n\t\t\t\t<span class=\"elementor-post-date\">\n\t\t\tao\u00fbt 16, 2022\t\t<\/span>\n\t\t\t\t<span class=\"elementor-post-time\">\n\t\t\t9:05 am\t\t<\/span>\n\t\t\t\t<\/div>\n\t\t\t\t<div class=\"elementor-post__excerpt\">\n\t\t\t<p>L\u2019achat programmatique de publicit\u00e9s, c\u2019est un peu comme acheter des actions \u00e0 la Bourse de Toronto \u2013 mais \u00e0 la vitesse de l\u2019\u00e9clair\u202f! Lorsqu\u2019une personne<\/p>\n\t\t<\/div>\n\t\t\n\t\t<a class=\"elementor-post__read-more\" href=\"https:\/\/adcaffeine.ca\/fr\/achat-programmatique-comment-ca-marche\/\" aria-label=\"En savoir plus sur Achat programmatique : comment \u00e7a marche ?\" tabindex=\"-1\" >\n\t\t\tRead More \u00bb\t\t<\/a>\n\n\t\t\t\t<\/div>\n\t\t\t\t<\/article>\n\t\t\t\t<\/div>\n\t\t\n\t\t\t\t\t\t<\/div>\n\t\t\t\t<\/div>\n\t\t\t\t\t<\/div>\n\t\t<\/div>\n\t\t\t\t\t<\/div>\n\t\t<\/section>\n\t\t\t\t<\/div>\n\t\t","protected":false},"excerpt":{"rendered":"<p>Blogue<\/p>\n","protected":false},"author":12,"featured_media":0,"parent":0,"menu_order":0,"comment_status":"closed","ping_status":"closed","template":"","meta":{"content-type":"","footnotes":""},"class_list":["post-12348","page","type-page","status-publish","hentry"],"yoast_head":"<!-- This site is optimized with the Yoast SEO plugin v26.1.1 - https:\/\/yoast.com\/wordpress\/plugins\/seo\/ -->\n<title>Blogue - AdCaffeine<\/title>\n<meta name=\"robots\" content=\"index, follow, max-snippet:-1, max-image-preview:large, max-video-preview:-1\" \/>\n<link rel=\"canonical\" href=\"https:\/\/adcaffeine.ca\/fr\/blogue\/\" \/>\n<meta property=\"og:locale\" content=\"fr_FR\" \/>\n<meta property=\"og:type\" content=\"article\" \/>\n<meta property=\"og:title\" content=\"Blogue - AdCaffeine\" \/>\n<meta property=\"og:description\" content=\"Blogue\" \/>\n<meta property=\"og:url\" content=\"https:\/\/adcaffeine.ca\/fr\/blogue\/\" \/>\n<meta property=\"og:site_name\" content=\"AdCaffeine\" \/>\n<meta property=\"article:modified_time\" content=\"2025-10-02T12:22:13+00:00\" \/>\n<meta name=\"twitter:card\" content=\"summary_large_image\" \/>\n<meta name=\"twitter:label1\" content=\"Dur\u00e9e de lecture estim\u00e9e\" \/>\n\t<meta name=\"twitter:data1\" content=\"2 minutes\" \/>\n<script type=\"application\/ld+json\" class=\"yoast-schema-graph\">{\"@context\":\"https:\/\/schema.org\",\"@graph\":[{\"@type\":\"WebPage\",\"@id\":\"https:\/\/adcaffeine.ca\/fr\/blogue\/\",\"url\":\"https:\/\/adcaffeine.ca\/fr\/blogue\/\",\"name\":\"Blogue - AdCaffeine\",\"isPartOf\":{\"@id\":\"https:\/\/adcaffeine.ca\/fr\/#website\"},\"datePublished\":\"2022-04-28T17:17:48+00:00\",\"dateModified\":\"2025-10-02T12:22:13+00:00\",\"breadcrumb\":{\"@id\":\"https:\/\/adcaffeine.ca\/fr\/blogue\/#breadcrumb\"},\"inLanguage\":\"fr-FR\",\"potentialAction\":[{\"@type\":\"ReadAction\",\"target\":[\"https:\/\/adcaffeine.ca\/fr\/blogue\/\"]}]},{\"@type\":\"BreadcrumbList\",\"@id\":\"https:\/\/adcaffeine.ca\/fr\/blogue\/#breadcrumb\",\"itemListElement\":[{\"@type\":\"ListItem\",\"position\":1,\"name\":\"Home\",\"item\":\"https:\/\/adcaffeine.ca\/fr\/\"},{\"@type\":\"ListItem\",\"position\":2,\"name\":\"Blogue\"}]},{\"@type\":\"WebSite\",\"@id\":\"https:\/\/adcaffeine.ca\/fr\/#website\",\"url\":\"https:\/\/adcaffeine.ca\/fr\/\",\"name\":\"AdCaffeine\",\"description\":\"Results-Driven Inbound Digital Marketing Agency\",\"potentialAction\":[{\"@type\":\"SearchAction\",\"target\":{\"@type\":\"EntryPoint\",\"urlTemplate\":\"https:\/\/adcaffeine.ca\/fr\/?s={search_term_string}\"},\"query-input\":{\"@type\":\"PropertyValueSpecification\",\"valueRequired\":true,\"valueName\":\"search_term_string\"}}],\"inLanguage\":\"fr-FR\"}]}<\/script>\n<!-- \/ Yoast SEO plugin. -->","yoast_head_json":{"title":"Blogue - AdCaffeine","robots":{"index":"index","follow":"follow","max-snippet":"max-snippet:-1","max-image-preview":"max-image-preview:large","max-video-preview":"max-video-preview:-1"},"canonical":"https:\/\/adcaffeine.ca\/fr\/blogue\/","og_locale":"fr_FR","og_type":"article","og_title":"Blogue - AdCaffeine","og_description":"Blogue","og_url":"https:\/\/adcaffeine.ca\/fr\/blogue\/","og_site_name":"AdCaffeine","article_modified_time":"2025-10-02T12:22:13+00:00","twitter_card":"summary_large_image","twitter_misc":{"Dur\u00e9e de lecture estim\u00e9e":"2 minutes"},"schema":{"@context":"https:\/\/schema.org","@graph":[{"@type":"WebPage","@id":"https:\/\/adcaffeine.ca\/fr\/blogue\/","url":"https:\/\/adcaffeine.ca\/fr\/blogue\/","name":"Blogue - AdCaffeine","isPartOf":{"@id":"https:\/\/adcaffeine.ca\/fr\/#website"},"datePublished":"2022-04-28T17:17:48+00:00","dateModified":"2025-10-02T12:22:13+00:00","breadcrumb":{"@id":"https:\/\/adcaffeine.ca\/fr\/blogue\/#breadcrumb"},"inLanguage":"fr-FR","potentialAction":[{"@type":"ReadAction","target":["https:\/\/adcaffeine.ca\/fr\/blogue\/"]}]},{"@type":"BreadcrumbList","@id":"https:\/\/adcaffeine.ca\/fr\/blogue\/#breadcrumb","itemListElement":[{"@type":"ListItem","position":1,"name":"Home","item":"https:\/\/adcaffeine.ca\/fr\/"},{"@type":"ListItem","position":2,"name":"Blogue"}]},{"@type":"WebSite","@id":"https:\/\/adcaffeine.ca\/fr\/#website","url":"https:\/\/adcaffeine.ca\/fr\/","name":"AdCaffeine","description":"Results-Driven Inbound Digital Marketing Agency","potentialAction":[{"@type":"SearchAction","target":{"@type":"EntryPoint","urlTemplate":"https:\/\/adcaffeine.ca\/fr\/?s={search_term_string}"},"query-input":{"@type":"PropertyValueSpecification","valueRequired":true,"valueName":"search_term_string"}}],"inLanguage":"fr-FR"}]}},"_links":{"self":[{"href":"https:\/\/adcaffeine.ca\/fr\/wp-json\/wp\/v2\/pages\/12348","targetHints":{"allow":["GET"]}}],"collection":[{"href":"https:\/\/adcaffeine.ca\/fr\/wp-json\/wp\/v2\/pages"}],"about":[{"href":"https:\/\/adcaffeine.ca\/fr\/wp-json\/wp\/v2\/types\/page"}],"author":[{"embeddable":true,"href":"https:\/\/adcaffeine.ca\/fr\/wp-json\/wp\/v2\/users\/12"}],"replies":[{"embeddable":true,"href":"https:\/\/adcaffeine.ca\/fr\/wp-json\/wp\/v2\/comments?post=12348"}],"version-history":[{"count":10,"href":"https:\/\/adcaffeine.ca\/fr\/wp-json\/wp\/v2\/pages\/12348\/revisions"}],"predecessor-version":[{"id":12695,"href":"https:\/\/adcaffeine.ca\/fr\/wp-json\/wp\/v2\/pages\/12348\/revisions\/12695"}],"wp:attachment":[{"href":"https:\/\/adcaffeine.ca\/fr\/wp-json\/wp\/v2\/media?parent=12348"}],"curies":[{"name":"wp","href":"https:\/\/api.w.org\/{rel}","templated":true}]}}