{"id":12350,"date":"2022-01-24T12:26:00","date_gmt":"2022-01-24T17:26:00","guid":{"rendered":"https:\/\/adcaffeine.ca\/job-dashboard\/"},"modified":"2022-01-24T12:26:00","modified_gmt":"2022-01-24T17:26:00","slug":"job-dashboard","status":"publish","type":"page","link":"https:\/\/adcaffeine.ca\/fr\/job-dashboard\/","title":{"rendered":"Job Dashboard"},"content":{"rendered":"<div id=\"job-manager-job-dashboard\">\n\n\t<p class=\"account-sign-in\">Vous devez \u00eatre connect\u00e9 pour g\u00e9rer vos offres. <a class=\"button\" href=\"https:\/\/adcaffeine.ca\/fr\/wp-login.php?redirect_to=https%3A%2F%2Fadcaffeine.ca%2Ffr%2Fjob-dashboard%2F\">Se connecter<\/a><\/p>\n\n<\/div>\n\n","protected":false},"excerpt":{"rendered":"Vous devez \u00eatre connect\u00e9 pour g\u00e9rer vos offres. Se connecter","protected":false},"author":1,"featured_media":0,"parent":0,"menu_order":0,"comment_status":"closed","ping_status":"closed","template":"","meta":{"content-type":"","footnotes":""},"class_list":["post-12350","page","type-page","status-publish","hentry"],"yoast_head":"<!-- This site is optimized with the Yoast SEO plugin v26.1.1 - https:\/\/yoast.com\/wordpress\/plugins\/seo\/ -->\n<title>Job Dashboard - AdCaffeine<\/title>\n<meta name=\"robots\" content=\"index, follow, max-snippet:-1, max-image-preview:large, max-video-preview:-1\" \/>\n<link rel=\"canonical\" href=\"https:\/\/adcaffeine.ca\/fr\/job-dashboard\/\" \/>\n<meta property=\"og:locale\" content=\"fr_FR\" \/>\n<meta property=\"og:type\" content=\"article\" \/>\n<meta property=\"og:title\" content=\"Job Dashboard - AdCaffeine\" \/>\n<meta property=\"og:url\" content=\"https:\/\/adcaffeine.ca\/fr\/job-dashboard\/\" \/>\n<meta property=\"og:site_name\" content=\"AdCaffeine\" \/>\n<meta name=\"twitter:card\" content=\"summary_large_image\" \/>\n<script type=\"application\/ld+json\" class=\"yoast-schema-graph\">{\"@context\":\"https:\/\/schema.org\",\"@graph\":[{\"@type\":\"WebPage\",\"@id\":\"https:\/\/adcaffeine.ca\/fr\/job-dashboard\/\",\"url\":\"https:\/\/adcaffeine.ca\/fr\/job-dashboard\/\",\"name\":\"Job Dashboard - AdCaffeine\",\"isPartOf\":{\"@id\":\"https:\/\/adcaffeine.ca\/fr\/#website\"},\"datePublished\":\"2022-01-24T17:26:00+00:00\",\"breadcrumb\":{\"@id\":\"https:\/\/adcaffeine.ca\/fr\/job-dashboard\/#breadcrumb\"},\"inLanguage\":\"fr-FR\",\"potentialAction\":[{\"@type\":\"ReadAction\",\"target\":[\"https:\/\/adcaffeine.ca\/fr\/job-dashboard\/\"]}]},{\"@type\":\"BreadcrumbList\",\"@id\":\"https:\/\/adcaffeine.ca\/fr\/job-dashboard\/#breadcrumb\",\"itemListElement\":[{\"@type\":\"ListItem\",\"position\":1,\"name\":\"Home\",\"item\":\"https:\/\/adcaffeine.ca\/fr\/\"},{\"@type\":\"ListItem\",\"position\":2,\"name\":\"Job Dashboard\"}]},{\"@type\":\"WebSite\",\"@id\":\"https:\/\/adcaffeine.ca\/fr\/#website\",\"url\":\"https:\/\/adcaffeine.ca\/fr\/\",\"name\":\"AdCaffeine\",\"description\":\"Results-Driven Inbound Digital Marketing Agency\",\"potentialAction\":[{\"@type\":\"SearchAction\",\"target\":{\"@type\":\"EntryPoint\",\"urlTemplate\":\"https:\/\/adcaffeine.ca\/fr\/?s={search_term_string}\"},\"query-input\":{\"@type\":\"PropertyValueSpecification\",\"valueRequired\":true,\"valueName\":\"search_term_string\"}}],\"inLanguage\":\"fr-FR\"}]}<\/script>\n<!-- \/ Yoast SEO plugin. -->","yoast_head_json":{"title":"Job Dashboard - AdCaffeine","robots":{"index":"index","follow":"follow","max-snippet":"max-snippet:-1","max-image-preview":"max-image-preview:large","max-video-preview":"max-video-preview:-1"},"canonical":"https:\/\/adcaffeine.ca\/fr\/job-dashboard\/","og_locale":"fr_FR","og_type":"article","og_title":"Job Dashboard - AdCaffeine","og_url":"https:\/\/adcaffeine.ca\/fr\/job-dashboard\/","og_site_name":"AdCaffeine","twitter_card":"summary_large_image","schema":{"@context":"https:\/\/schema.org","@graph":[{"@type":"WebPage","@id":"https:\/\/adcaffeine.ca\/fr\/job-dashboard\/","url":"https:\/\/adcaffeine.ca\/fr\/job-dashboard\/","name":"Job Dashboard - AdCaffeine","isPartOf":{"@id":"https:\/\/adcaffeine.ca\/fr\/#website"},"datePublished":"2022-01-24T17:26:00+00:00","breadcrumb":{"@id":"https:\/\/adcaffeine.ca\/fr\/job-dashboard\/#breadcrumb"},"inLanguage":"fr-FR","potentialAction":[{"@type":"ReadAction","target":["https:\/\/adcaffeine.ca\/fr\/job-dashboard\/"]}]},{"@type":"BreadcrumbList","@id":"https:\/\/adcaffeine.ca\/fr\/job-dashboard\/#breadcrumb","itemListElement":[{"@type":"ListItem","position":1,"name":"Home","item":"https:\/\/adcaffeine.ca\/fr\/"},{"@type":"ListItem","position":2,"name":"Job Dashboard"}]},{"@type":"WebSite","@id":"https:\/\/adcaffeine.ca\/fr\/#website","url":"https:\/\/adcaffeine.ca\/fr\/","name":"AdCaffeine","description":"Results-Driven Inbound Digital Marketing Agency","potentialAction":[{"@type":"SearchAction","target":{"@type":"EntryPoint","urlTemplate":"https:\/\/adcaffeine.ca\/fr\/?s={search_term_string}"},"query-input":{"@type":"PropertyValueSpecification","valueRequired":true,"valueName":"search_term_string"}}],"inLanguage":"fr-FR"}]}},"_links":{"self":[{"href":"https:\/\/adcaffeine.ca\/fr\/wp-json\/wp\/v2\/pages\/12350","targetHints":{"allow":["GET"]}}],"collection":[{"href":"https:\/\/adcaffeine.ca\/fr\/wp-json\/wp\/v2\/pages"}],"about":[{"href":"https:\/\/adcaffeine.ca\/fr\/wp-json\/wp\/v2\/types\/page"}],"author":[{"embeddable":true,"href":"https:\/\/adcaffeine.ca\/fr\/wp-json\/wp\/v2\/users\/1"}],"replies":[{"embeddable":true,"href":"https:\/\/adcaffeine.ca\/fr\/wp-json\/wp\/v2\/comments?post=12350"}],"version-history":[{"count":0,"href":"https:\/\/adcaffeine.ca\/fr\/wp-json\/wp\/v2\/pages\/12350\/revisions"}],"wp:attachment":[{"href":"https:\/\/adcaffeine.ca\/fr\/wp-json\/wp\/v2\/media?parent=12350"}],"curies":[{"name":"wp","href":"https:\/\/api.w.org\/{rel}","templated":true}]}}